{"id":224,"date":"2024-11-21T15:26:51","date_gmt":"2024-11-21T13:26:51","guid":{"rendered":"https:\/\/naturbyggaren.fi\/etusivu\/"},"modified":"2025-04-10T12:07:10","modified_gmt":"2025-04-10T10:07:10","slug":"etusivu","status":"publish","type":"page","link":"https:\/\/naturbyggaren.fi\/fi\/","title":{"rendered":"Etusivu"},"content":{"rendered":"<p>[et_pb_section fb_built=&#8221;1&#8243; _builder_version=&#8221;4.27.3&#8243; _module_preset=&#8221;default&#8221; global_colors_info=&#8221;{}&#8221;][et_pb_row _builder_version=&#8221;4.27.3&#8243; _module_preset=&#8221;default&#8221; global_colors_info=&#8221;{}&#8221;][et_pb_column type=&#8221;4_4&#8243; _builder_version=&#8221;4.27.3&#8243; _module_preset=&#8221;default&#8221; global_colors_info=&#8221;{}&#8221;][et_pb_text _builder_version=&#8221;4.27.3&#8243; _module_preset=&#8221;default&#8221; global_colors_info=&#8221;{}&#8221;]<\/p>\n<h1>Naturbyggaren.fi<\/h1>\n<p>[\/et_pb_text][et_pb_slider _builder_version=&#8221;4.27.3&#8243; _module_preset=&#8221;default&#8221; max_width=&#8221;100%&#8221; content_max_width=&#8221;718px&#8221; custom_padding=&#8221;359px||359px||false|false&#8221; border_radii=&#8221;on|15px|15px|15px|15px&#8221; border_width_all=&#8221;1px&#8221; border_color_all=&#8221;#3d241c&#8221; global_colors_info=&#8221;{}&#8221; content_max_width__hover_enabled=&#8221;on|desktop&#8221; content_max_width__hover=&#8221;718px&#8221;][et_pb_slide _builder_version=&#8221;4.27.3&#8243; _module_preset=&#8221;default&#8221; background_image=&#8221;https:\/\/naturbyggaren.fi\/wp-content\/uploads\/2024\/11\/solberg_torp.jpg&#8221; background_enable_image=&#8221;on&#8221; global_colors_info=&#8221;{}&#8221; sticky_transition=&#8221;on&#8221;][\/et_pb_slide][et_pb_slide _builder_version=&#8221;4.27.3&#8243; _module_preset=&#8221;default&#8221; background_image=&#8221;https:\/\/naturbyggaren.fi\/wp-content\/uploads\/2024\/11\/stockbyte.jpg&#8221; background_enable_image=&#8221;on&#8221; border_radii_image=&#8221;on|15px|15px|15px|15px&#8221; border_width_all_image=&#8221;1px&#8221; border_color_all_image=&#8221;#4c301d&#8221; global_colors_info=&#8221;{}&#8221; sticky_transition=&#8221;on&#8221;][\/et_pb_slide][et_pb_slide _builder_version=&#8221;4.27.3&#8243; _module_preset=&#8221;default&#8221; background_image=&#8221;https:\/\/naturbyggaren.fi\/wp-content\/uploads\/2024\/11\/lerhusslide.jpg&#8221; background_enable_image=&#8221;on&#8221; border_radii_image=&#8221;on|15px|15px|15px|15px&#8221; border_width_all_image=&#8221;1px&#8221; border_color_all_image=&#8221;#35231c&#8221; global_colors_info=&#8221;{}&#8221; sticky_transition=&#8221;on&#8221;][\/et_pb_slide][\/et_pb_slider][\/et_pb_column][\/et_pb_row][et_pb_row _builder_version=&#8221;4.27.3&#8243; _module_preset=&#8221;default&#8221; global_colors_info=&#8221;{}&#8221;][et_pb_column type=&#8221;4_4&#8243; _builder_version=&#8221;4.27.3&#8243; _module_preset=&#8221;default&#8221; global_colors_info=&#8221;{}&#8221;][et_pb_text _builder_version=&#8221;4.27.3&#8243; _module_preset=&#8221;default&#8221; global_colors_info=&#8221;{}&#8221;]<\/p>\n<h2>Kest\u00e4v\u00e4\u00e4 rakentamist\u00e4 &amp; puusep\u00e4nt\u00f6yt\u00e4<\/h2>\n<p>Intohimoni on rakentaa kauniita ja terveit\u00e4 tiloja ja rakennuksia. Ty\u00f6ss\u00e4ni k\u00e4yt\u00e4n luonnonmateriaaleja, puuta, savea ja kive\u00e4.<\/p>\n<p>Ty\u00f6ni juontaa juurensa Pohjolan rikkaaseen rakennusperinteeseen, yhdist\u00e4en sen uusiin, luonnon itsens\u00e4 inspiroimiin j\u00e4nnitt\u00e4viin tekniikoihin. <\/p>\n<p>[\/et_pb_text][et_pb_divider color=&#8221;#705038&#8243; _builder_version=&#8221;4.27.3&#8243; _module_preset=&#8221;default&#8221; width=&#8221;90%&#8221; module_alignment=&#8221;center&#8221; global_colors_info=&#8221;{}&#8221;][\/et_pb_divider][\/et_pb_column][\/et_pb_row][et_pb_row column_structure=&#8221;3_5,2_5&#8243; _builder_version=&#8221;4.27.3&#8243; _module_preset=&#8221;default&#8221; global_colors_info=&#8221;{}&#8221;][et_pb_column type=&#8221;3_5&#8243; _builder_version=&#8221;4.27.3&#8243; _module_preset=&#8221;default&#8221; global_colors_info=&#8221;{}&#8221;][et_pb_text _builder_version=&#8221;4.27.3&#8243; _module_preset=&#8221;default&#8221; global_colors_info=&#8221;{}&#8221;]<\/p>\n<h2>Restaurointity\u00f6t<\/h2>\n<p>Viimeisen 20 vuoden aikana minulla on ollut mahdollisuus ty\u00f6skennell\u00e4 kauniiden vanhojen puutalojen parissa t\u00e4\u00e4ll\u00e4 Suomessa. Koen suurta arvostusta n\u00e4it\u00e4 vanhoja taloja kohtaan. Tuntuu merkitykselliselt\u00e4 kunnostaa ne alkuper\u00e4iseen asuunsa tai tehd\u00e4 tarvittavia muutoksia omistajan tarpeiden ja energiatehokkaampien talojen vaatimusten mukaisesti. Erityist\u00e4 osaamistani on hirsien vaihto, puusep\u00e4nty\u00f6t, luonnonkivity\u00f6t, puunveisto ja savirappausty\u00f6t.  <\/p>\n<p>[\/et_pb_text][et_pb_button button_url=&#8221;https:\/\/naturbyggaren.fi\/fi\/galleria\/&#8221; button_text=&#8221;Katso kuvat&#8221; button_alignment=&#8221;left&#8221; _builder_version=&#8221;4.27.3&#8243; _module_preset=&#8221;default&#8221; custom_button=&#8221;on&#8221; button_text_color=&#8221;#a06949&#8243; button_bg_color=&#8221;rgba(186,109,46,0.21)&#8221; button_border_radius=&#8221;15px&#8221; animation_style=&#8221;slide&#8221; global_colors_info=&#8221;{}&#8221;][\/et_pb_button][\/et_pb_column][et_pb_column type=&#8221;2_5&#8243; _builder_version=&#8221;4.27.3&#8243; _module_preset=&#8221;default&#8221; global_colors_info=&#8221;{}&#8221;][et_pb_image src=&#8221;https:\/\/naturbyggaren.fi\/wp-content\/uploads\/2024\/11\/Log-changing-work2.jpg&#8221; title_text=&#8221;Hirsien vaihtaminen&#8221; _builder_version=&#8221;4.27.3&#8243; _module_preset=&#8221;default&#8221; border_radii=&#8221;on|15px|15px|15px|15px&#8221; border_width_all=&#8221;1px&#8221; border_color_all=&#8221;#382417&#8243; global_colors_info=&#8221;{}&#8221;][\/et_pb_image][\/et_pb_column][\/et_pb_row][et_pb_row _builder_version=&#8221;4.27.3&#8243; _module_preset=&#8221;default&#8221; global_colors_info=&#8221;{}&#8221;][et_pb_column type=&#8221;4_4&#8243; _builder_version=&#8221;4.27.3&#8243; _module_preset=&#8221;default&#8221; global_colors_info=&#8221;{}&#8221;][et_pb_divider color=&#8221;#705038&#8243; _builder_version=&#8221;4.27.3&#8243; _module_preset=&#8221;default&#8221; width=&#8221;90%&#8221; max_width=&#8221;100%&#8221; module_alignment=&#8221;center&#8221; global_colors_info=&#8221;{}&#8221;][\/et_pb_divider][\/et_pb_column][\/et_pb_row][et_pb_row column_structure=&#8221;1_2,1_2&#8243; _builder_version=&#8221;4.27.3&#8243; _module_preset=&#8221;default&#8221; global_colors_info=&#8221;{}&#8221;][et_pb_column type=&#8221;1_2&#8243; _builder_version=&#8221;4.27.3&#8243; _module_preset=&#8221;default&#8221; global_colors_info=&#8221;{}&#8221;][et_pb_image src=&#8221;https:\/\/naturbyggaren.fi\/wp-content\/uploads\/2024\/11\/inmyworkshop.jpg&#8221; title_text=&#8221;Ty\u00f6pajassani&#8221; _builder_version=&#8221;4.27.3&#8243; _module_preset=&#8221;default&#8221; height=&#8221;475px&#8221; border_radii=&#8221;on|15px|15px|15px|15px&#8221; border_width_all=&#8221;1px&#8221; border_color_all=&#8221;#3f2c1f&#8221; global_colors_info=&#8221;{}&#8221;][\/et_pb_image][\/et_pb_column][et_pb_column type=&#8221;1_2&#8243; _builder_version=&#8221;4.27.3&#8243; _module_preset=&#8221;default&#8221; global_colors_info=&#8221;{}&#8221;][et_pb_text _builder_version=&#8221;4.27.3&#8243; _module_preset=&#8221;default&#8221; global_colors_info=&#8221;{}&#8221;]<\/p>\n<h2>Puunveisto<\/h2>\n<p>Aloitin ty\u00f6ni alun perin Tanskassa. P\u00e4\u00e4painopisteen\u00e4ni olivat viikinkiajan voimakkaat koristeet ja veistokset. T\u00e4ss\u00e4 muinaisessa kulttuurissa on uskomaton rikkaus, ja tutkin sit\u00e4 edelleen ty\u00f6ss\u00e4ni Suomessa. Hyv\u00e4 esimerkki siit\u00e4, kuinka yhdist\u00e4n puunveiston luonnonmukaisiin rakennust\u00f6ihin on The Dragon Temple Fagerviikiss\u00e4. Ty\u00f6ss\u00e4ni ammennan inspiratiota suoraan luonnosta.   <\/p>\n<p>[\/et_pb_text][et_pb_button button_url=&#8221;https:\/\/naturbyggaren.fi\/fi\/galleria\/&#8221; button_text=&#8221;Katso kuvat&#8221; button_alignment=&#8221;left&#8221; _builder_version=&#8221;4.27.3&#8243; _module_preset=&#8221;default&#8221; custom_button=&#8221;on&#8221; button_text_color=&#8221;#a06949&#8243; button_bg_color=&#8221;rgba(186,109,46,0.21)&#8221; button_border_radius=&#8221;15px&#8221; animation_style=&#8221;slide&#8221; global_colors_info=&#8221;{}&#8221;][\/et_pb_button][\/et_pb_column][\/et_pb_row][et_pb_row _builder_version=&#8221;4.27.3&#8243; _module_preset=&#8221;default&#8221; global_colors_info=&#8221;{}&#8221;][et_pb_column type=&#8221;4_4&#8243; _builder_version=&#8221;4.27.3&#8243; _module_preset=&#8221;default&#8221; global_colors_info=&#8221;{}&#8221;][et_pb_divider color=&#8221;#705038&#8243; _builder_version=&#8221;4.27.3&#8243; _module_preset=&#8221;default&#8221; width=&#8221;90%&#8221; max_width=&#8221;100%&#8221; module_alignment=&#8221;center&#8221; global_colors_info=&#8221;{}&#8221;][\/et_pb_divider][\/et_pb_column][\/et_pb_row][et_pb_row column_structure=&#8221;2_5,3_5&#8243; _builder_version=&#8221;4.27.3&#8243; _module_preset=&#8221;default&#8221; global_colors_info=&#8221;{}&#8221;][et_pb_column type=&#8221;2_5&#8243; _builder_version=&#8221;4.27.3&#8243; _module_preset=&#8221;default&#8221; global_colors_info=&#8221;{}&#8221;][et_pb_text _builder_version=&#8221;4.27.3&#8243; _module_preset=&#8221;default&#8221; hover_enabled=&#8221;0&#8243; global_colors_info=&#8221;{}&#8221; sticky_enabled=&#8221;0&#8243;]<\/p>\n<h2>Terveelinen savesta ja puusta rakennettu talo<\/h2>\n<p>Terveellisten rakennusmateriaalien etsinn\u00e4ss\u00e4 savella on havaittu olevan ertyislaatuisia ominaisuuksia. Erityisesti sen kyky s\u00e4\u00e4dell\u00e4 sis\u00e4ilman laatua ja kosteuspitoisuutta on vertaansa vailla. Lis\u00e4ksi savi muodostaa kalvon, joka pystyy suodattamaan ep\u00e4terveellisi\u00e4 aineita talon ilmasta. <\/p>\n<h4>Aistiyst\u00e4v\u00e4llinen tila<\/h4>\n<p>Saven monet kauniit s\u00e4vyt luovat l\u00e4mpim\u00e4n ja rauhoittavan ymp\u00e4rist\u00f6n jossa ihmiset viihtyv\u00e4t hyvin. Savi tarjoaa my\u00f6s kauniin kontrastin puurakenteisiin ja -pintoihin.<br \/>K\u00e4ytt\u00e4m\u00e4ll\u00e4 luonnonmateriaaleja pyrin luomaan aistiyst\u00e4v\u00e4llisi\u00e4 tiloja jotka edist\u00e4v\u00e4t hyvinvointia ja vahvistavat harmonista yhteytt\u00e4 luontoon. Lis\u00e4ksi t\u00e4llaiset tilat voivat vahvistaa harmonista yhteytt\u00e4 luontoon.<\/p>\n<p>[\/et_pb_text][et_pb_button button_url=&#8221;https:\/\/naturbyggaren.fi\/fi\/galleria\/&#8221; button_text=&#8221;Katso kuvat&#8221; button_alignment=&#8221;left&#8221; _builder_version=&#8221;4.27.3&#8243; _module_preset=&#8221;default&#8221; custom_button=&#8221;on&#8221; button_text_color=&#8221;#a06949&#8243; button_bg_color=&#8221;rgba(186,109,46,0.21)&#8221; button_border_radius=&#8221;15px&#8221; animation_style=&#8221;slide&#8221; global_colors_info=&#8221;{}&#8221;][\/et_pb_button][\/et_pb_column][et_pb_column type=&#8221;3_5&#8243; _builder_version=&#8221;4.27.3&#8243; _module_preset=&#8221;default&#8221; global_colors_info=&#8221;{}&#8221;][et_pb_image src=&#8221;https:\/\/naturbyggaren.fi\/wp-content\/uploads\/2024\/11\/clayhouse.jpg&#8221; title_text=&#8221;savitalo&#8221; _builder_version=&#8221;4.27.3&#8243; _module_preset=&#8221;default&#8221; border_radii=&#8221;on|15px|15px|15px|15px&#8221; border_width_all=&#8221;1px&#8221; border_color_all=&#8221;#382417&#8243; global_colors_info=&#8221;{}&#8221;][\/et_pb_image][\/et_pb_column][\/et_pb_row][\/et_pb_section]<\/p>\n","protected":false},"excerpt":{"rendered":"<p>Naturbyggaren.fiKest\u00e4v\u00e4\u00e4 rakentamist\u00e4 &amp; puusep\u00e4nt\u00f6yt\u00e4 Intohimoni on rakentaa kauniita ja terveit\u00e4 tiloja ja rakennuksia. Ty\u00f6ss\u00e4ni k\u00e4yt\u00e4n luonnonmateriaaleja, puuta, savea ja kive\u00e4.Ty\u00f6ni juontaa juurensa Pohjolan rikkaaseen rakennusperinteeseen, yhdist\u00e4en sen uusiin, luonnon itsens\u00e4 inspiroimiin j\u00e4nnitt\u00e4viin tekniikoihin. Restaurointity\u00f6t Viimeisen 20 vuoden aikana minulla on ollut mahdollisuus ty\u00f6skennell\u00e4 kauniiden vanhojen puutalojen parissa t\u00e4\u00e4ll\u00e4 Suomessa. Koen suurta arvostusta n\u00e4it\u00e4 vanhoja taloja [&hellip;]<\/p>\n","protected":false},"author":1,"featured_media":0,"parent":0,"menu_order":0,"comment_status":"closed","ping_status":"closed","template":"","meta":{"_et_pb_use_builder":"on","_et_pb_old_content":"","_et_gb_content_width":"","footnotes":""},"class_list":["post-224","page","type-page","status-publish","hentry"],"_links":{"self":[{"href":"https:\/\/naturbyggaren.fi\/fi\/wp-json\/wp\/v2\/pages\/224","targetHints":{"allow":["GET"]}}],"collection":[{"href":"https:\/\/naturbyggaren.fi\/fi\/wp-json\/wp\/v2\/pages"}],"about":[{"href":"https:\/\/naturbyggaren.fi\/fi\/wp-json\/wp\/v2\/types\/page"}],"author":[{"embeddable":true,"href":"https:\/\/naturbyggaren.fi\/fi\/wp-json\/wp\/v2\/users\/1"}],"replies":[{"embeddable":true,"href":"https:\/\/naturbyggaren.fi\/fi\/wp-json\/wp\/v2\/comments?post=224"}],"version-history":[{"count":5,"href":"https:\/\/naturbyggaren.fi\/fi\/wp-json\/wp\/v2\/pages\/224\/revisions"}],"predecessor-version":[{"id":229,"href":"https:\/\/naturbyggaren.fi\/fi\/wp-json\/wp\/v2\/pages\/224\/revisions\/229"}],"wp:attachment":[{"href":"https:\/\/naturbyggaren.fi\/fi\/wp-json\/wp\/v2\/media?parent=224"}],"curies":[{"name":"wp","href":"https:\/\/api.w.org\/{rel}","templated":true}]}}